{"id":285,"date":"2025-05-30T04:30:49","date_gmt":"2025-05-30T01:30:49","guid":{"rendered":"https:\/\/avissonlinecar.com.tr\/?page_id=285"},"modified":"2025-05-30T04:39:59","modified_gmt":"2025-05-30T01:39:59","slug":"iletisim","status":"publish","type":"page","link":"https:\/\/avissonlinecar.com.tr\/index.php\/iletisim\/","title":{"rendered":"\u0130LET\u0130\u015e\u0130M"},"content":{"rendered":"\t\t<div data-elementor-type=\"wp-page\" data-elementor-id=\"285\" class=\"elementor elementor-285\">\n\t\t\t\t<div class=\"elementor-element elementor-element-8323207 e-flex e-con-boxed e-con e-parent\" data-id=\"8323207\" data-element_type=\"container\">\n\t\t\t\t\t<div class=\"e-con-inner\">\n\t\t\t\t<div class=\"elementor-element elementor-element-417c950 elementor-widget elementor-widget-heading\" data-id=\"417c950\" data-element_type=\"widget\" data-widget_type=\"heading.default\">\n\t\t\t\t<div class=\"elementor-widget-container\">\n\t\t\t\t\t<h2 class=\"elementor-heading-title elementor-size-default\">B\u0130ZE ULA\u015eIN<\/h2>\t\t\t\t<\/div>\n\t\t\t\t<\/div>\n\t\t\t\t\t<\/div>\n\t\t\t\t<\/div>\n\t\t<div class=\"elementor-element elementor-element-ee8d2dd e-flex e-con-boxed e-con e-parent\" data-id=\"ee8d2dd\" data-element_type=\"container\">\n\t\t\t\t\t<div class=\"e-con-inner\">\n\t\t\t\t<div class=\"elementor-element elementor-element-f3a71c1 elementor-widget elementor-widget-google_maps\" data-id=\"f3a71c1\" data-element_type=\"widget\" data-widget_type=\"google_maps.default\">\n\t\t\t\t<div class=\"elementor-widget-container\">\n\t\t\t\t\t\t\t<div class=\"elementor-custom-embed\">\n\t\t\t<iframe loading=\"lazy\"\n\t\t\t\t\tsrc=\"https:\/\/maps.google.com\/maps?q=T%C3%9CRK%C4%B0YE%20%C4%B0STANBUL%20BAYRAMPA%C5%9EA&#038;t=m&#038;z=10&#038;output=embed&#038;iwloc=near\"\n\t\t\t\t\ttitle=\"T\u00dcRK\u0130YE \u0130STANBUL BAYRAMPA\u015eA\"\n\t\t\t\t\taria-label=\"T\u00dcRK\u0130YE \u0130STANBUL BAYRAMPA\u015eA\"\n\t\t\t><\/iframe>\n\t\t<\/div>\n\t\t\t\t\t\t<\/div>\n\t\t\t\t<\/div>\n\t\t\t\t\t<\/div>\n\t\t\t\t<\/div>\n\t\t<div class=\"elementor-element elementor-element-a21f368 e-flex e-con-boxed e-con e-parent\" data-id=\"a21f368\" data-element_type=\"container\">\n\t\t\t\t\t<div class=\"e-con-inner\">\n\t\t\t\t<div class=\"elementor-element elementor-element-5d45f99 elementor-align-center elementor-widget elementor-widget-button\" data-id=\"5d45f99\" data-element_type=\"widget\" data-widget_type=\"button.default\">\n\t\t\t\t<div class=\"elementor-widget-container\">\n\t\t\t\t\t\t\t\t\t<div class=\"elementor-button-wrapper\">\n\t\t\t\t\t<a class=\"elementor-button elementor-button-link elementor-size-sm\" href=\"tel:\/\/05534029050\">\n\t\t\t\t\t\t<span class=\"elementor-button-content-wrapper\">\n\t\t\t\t\t\t\t\t\t<span class=\"elementor-button-text\">ARAYIN REZERVASYONUNUZU YAPALIM<\/span>\n\t\t\t\t\t<\/span>\n\t\t\t\t\t<\/a>\n\t\t\t\t<\/div>\n\t\t\t\t\t\t\t\t<\/div>\n\t\t\t\t<\/div>\n\t\t\t\t\t<\/div>\n\t\t\t\t<\/div>\n\t\t<div class=\"elementor-element elementor-element-9d31652 e-flex e-con-boxed e-con e-parent\" data-id=\"9d31652\" data-element_type=\"container\">\n\t\t\t\t\t<div class=\"e-con-inner\">\n\t\t\t\t<div class=\"elementor-element elementor-element-a43bf26 elementor-widget elementor-widget-text-editor\" data-id=\"a43bf26\" data-element_type=\"widget\" data-widget_type=\"text-editor.default\">\n\t\t\t\t<div class=\"elementor-widget-container\">\n\t\t\t\t\t\t\t\t\t<p>\u0130LET\u0130\u015e\u0130M&nbsp; TEL: 0553 402 90 50<\/p><p>ADRES:BAYRAMPA\u015eA F\u0130DAN CAD NO.109\/5&nbsp;<\/p><p>\u0130STANBUL\/T\u00dcRK\u0130YE<\/p>\n<p><\/p>\t\t\t\t\t\t\t\t<\/div>\n\t\t\t\t<\/div>\n\t\t\t\t\t<\/div>\n\t\t\t\t<\/div>\n\t\t\t\t<\/div>\n\t\t","protected":false},"excerpt":{"rendered":"<p>B\u0130ZE ULA\u015eIN ARAYIN REZERVASYONUNUZU YAPALIM \u0130LET\u0130\u015e\u0130M&nbsp; TEL: 0553 402 90 50 ADRES:BAYRAMPA\u015eA F\u0130DAN [&hellip;]<\/p>\n","protected":false},"author":1,"featured_media":0,"parent":0,"menu_order":0,"comment_status":"closed","ping_status":"closed","template":"","meta":{"footnotes":""},"class_list":["post-285","page","type-page","status-publish","hentry"],"_links":{"self":[{"href":"https:\/\/avissonlinecar.com.tr\/index.php\/wp-json\/wp\/v2\/pages\/285","targetHints":{"allow":["GET"]}}],"collection":[{"href":"https:\/\/avissonlinecar.com.tr\/index.php\/wp-json\/wp\/v2\/pages"}],"about":[{"href":"https:\/\/avissonlinecar.com.tr\/index.php\/wp-json\/wp\/v2\/types\/page"}],"author":[{"embeddable":true,"href":"https:\/\/avissonlinecar.com.tr\/index.php\/wp-json\/wp\/v2\/users\/1"}],"replies":[{"embeddable":true,"href":"https:\/\/avissonlinecar.com.tr\/index.php\/wp-json\/wp\/v2\/comments?post=285"}],"version-history":[{"count":13,"href":"https:\/\/avissonlinecar.com.tr\/index.php\/wp-json\/wp\/v2\/pages\/285\/revisions"}],"predecessor-version":[{"id":299,"href":"https:\/\/avissonlinecar.com.tr\/index.php\/wp-json\/wp\/v2\/pages\/285\/revisions\/299"}],"wp:attachment":[{"href":"https:\/\/avissonlinecar.com.tr\/index.php\/wp-json\/wp\/v2\/media?parent=285"}],"curies":[{"name":"wp","href":"https:\/\/api.w.org\/{rel}","templated":true}]}}